{"id":502,"date":"2019-11-23T23:39:06","date_gmt":"2019-11-23T22:39:06","guid":{"rendered":"http:\/\/the-walkings.com\/?page_id=502"},"modified":"2022-07-21T22:55:13","modified_gmt":"2022-07-21T20:55:13","slug":"es-privacidad","status":"publish","type":"page","link":"https:\/\/the-walkings.com\/en\/es-privacidad\/","title":{"rendered":"Pol\u00edtica de privacidad y protecci\u00f3n de datos"},"content":{"rendered":"\t\t<div data-elementor-type=\"wp-page\" data-elementor-id=\"502\" class=\"elementor elementor-502\">\n\t\t\t\t\t\t<section class=\"elementor-section elementor-top-section elementor-element elementor-element-2515995 elementor-section-boxed elementor-section-height-default elementor-section-height-default\" data-id=\"2515995\" data-element_type=\"section\">\n\t\t\t\t\t\t<div class=\"elementor-container elementor-column-gap-default\">\n\t\t\t\t\t<div class=\"elementor-column elementor-col-100 elementor-top-column elementor-element elementor-element-6376f4c\" data-id=\"6376f4c\" data-element_type=\"column\">\n\t\t\t<div class=\"elementor-widget-wrap elementor-element-populated\">\n\t\t\t\t\t\t<div class=\"elementor-element elementor-element-f8df377 elementor-widget elementor-widget-heading\" data-id=\"f8df377\" data-element_type=\"widget\" data-widget_type=\"heading.default\">\n\t\t\t\t<div class=\"elementor-widget-container\">\n\t\t\t<h2 class=\"elementor-heading-title elementor-size-default\">Pol\u00edtica de privacidad y protecci\u00f3n de datos<\/h2>\t\t<\/div>\n\t\t\t\t<\/div>\n\t\t\t\t\t<\/div>\n\t\t<\/div>\n\t\t\t\t\t<\/div>\n\t\t<\/section>\n\t\t\t\t<section class=\"elementor-section elementor-top-section elementor-element elementor-element-9539626 elementor-section-boxed elementor-section-height-default elementor-section-height-default\" data-id=\"9539626\" data-element_type=\"section\">\n\t\t\t\t\t\t<div class=\"elementor-container elementor-column-gap-default\">\n\t\t\t\t\t<div class=\"elementor-column elementor-col-100 elementor-top-column elementor-element elementor-element-0dd660b\" data-id=\"0dd660b\" data-element_type=\"column\">\n\t\t\t<div class=\"elementor-widget-wrap elementor-element-populated\">\n\t\t\t\t\t\t<div class=\"elementor-element elementor-element-003c6f3 elementor-widget elementor-widget-text-editor\" data-id=\"003c6f3\" data-element_type=\"widget\" data-widget_type=\"text-editor.default\">\n\t\t\t\t<div class=\"elementor-widget-container\">\n\t\t\t\t\t\t\t<p>1.- Presentaci\u00f3n y derecho de informaci\u00f3n<\/p><p>El presente sitio web es propiedad de Claudia Nalleli Hern\u00e1ndez Leal (en adelante,\u00a0<i>\u201c<b>THE WALKINGS<\/b>\u201d<\/i>), con domicilio social en calle Neuenh\u00f6fer Allee 119, 50935, Alemania.<\/p><p>THE WALKINGS se toma muy en serio la protecci\u00f3n de su privacidad y de sus datos personales. Por ello, THE WALKINGS\u00a0cumple \u00edntegramente con la legislaci\u00f3n vigente en materia de protecci\u00f3n de datos de car\u00e1cter personal para que tu informaci\u00f3n personal se conserve de forma segura.<\/p><p>La presente pol\u00edtica de protecci\u00f3n de datos regula el acceso y el uso del servicio del presente Sitio Web que THE WALKINGS, pone a disposici\u00f3n de los Usuarios interesados en los servicios ofrecidos por THE WALKINGS.<\/p><p>Si desea ponerse en contacto con nuestro Delegado de Protecci\u00f3n de Datos, puede hacerlo a trav\u00e9s del correo electr\u00f3nico info@the-walkings.com<\/p><p>2.- Procesamiento de datos personales y finalidad del tratamiento<\/p><p><span style=\"font-family: -apple-system, BlinkMacSystemFont, 'Segoe UI', Roboto, 'Helvetica Neue', Arial, 'Noto Sans', sans-serif; font-size: 1rem;\">THE WALKINGS<\/span>\u00a0podr\u00e1 recabar datos personales de los Usuarios a trav\u00e9s de formularios de registro, los datos de car\u00e1cter personal recabados por THE WALKINGS, podr\u00e1n ser utilizados para las siguientes finalidades:<\/p><ol><li>La prestaci\u00f3n de los servicios ofrecidos en el Sitio Web.<\/li><li>Enviar comunicaciones comerciales a los Usuarios por carta, tel\u00e9fono, correo electr\u00f3nico, SMS\/MMS, mensajer\u00eda instant\u00e1nea o por otros medios de comunicaci\u00f3n equivalentes relacionadas con los servicios de THE WALKINGS, siempre y cuando el Usuario haya consentido esta finalidad de tratamiento de datos personales.<\/li><\/ol><p>Asimismo, el Usuario consiente el tratamiento de sus datos para la elaboraci\u00f3n de perfiles, as\u00ed como para la segmentaci\u00f3n de sus datos. Los citados tratamientos pueden tener como finalidad tanto el an\u00e1lisis y realizaci\u00f3n de estad\u00edsticas para conocer el tr\u00e1fico y utilizaci\u00f3n del Sitio Web por parte de los Usuarios, como la determinaci\u00f3n de sus gustos y preferencias para remitirle informaci\u00f3n promocional acorde con sus intereses.<\/p><p>Igualmente, y por motivos de la solicitud realizada por el usuario, THE WALKINGS\u00a0podr\u00e1 ceder sus datos de car\u00e1cter personal a favor de terceras entidades colaboradoras de THE WALKINGS\u00a0(agencias de viajes) para poder atender a la solicitud del Usuario, y ello de conformidad con lo establecido en el art\u00edculo 6.1 b) del Reglamento (UE) 2016\/679 del Parlamento Europeo y del Consejo, de 27 de abril de 2016, relativo a la protecci\u00f3n de las personas f\u00edsicas en lo que respecta al tratamiento de datos personales y a la libre circulaci\u00f3n de estos datos.<\/p><p>3.- Car\u00e1cter obligatorio o facultativo de la informaci\u00f3n facilitada por el Usuario y veracidad de los datos<\/p><p>El Usuario garantiza que los datos personales facilitados son veraces y se hace responsable de comunicar a THE WALKINGS\u00a0cualquier modificaci\u00f3n de los mismos. El Usuario responder\u00e1 de la veracidad de los datos facilitados, reserv\u00e1ndose THE WALKINGS\u00a0el derecho a excluir de los servicios registrados a todo Usuario que haya facilitado datos falsos, sin perjuicio de las dem\u00e1s acciones que procedan en Derecho.<\/p><p>Se recomienda tener la m\u00e1xima diligencia en materia de Protecci\u00f3n de Datos mediante la utilizaci\u00f3n de herramientas de seguridad, no pudi\u00e9ndose responsabilizar a THE WALKINGS\u00a0de sustracciones, modificaciones o p\u00e9rdidas de datos il\u00edcitas.<\/p><p>4.- Conservaci\u00f3n de los datos<\/p><p><span style=\"font-family: -apple-system, BlinkMacSystemFont, 'Segoe UI', Roboto, 'Helvetica Neue', Arial, 'Noto Sans', sans-serif; font-size: 1rem;\">Los datos personales proporcionados se conservar\u00e1n por parte de\u00a0<\/span>THE WALKINGS<span style=\"font-family: -apple-system, BlinkMacSystemFont, 'Segoe UI', Roboto, 'Helvetica Neue', Arial, 'Noto Sans', sans-serif; font-size: 1rem;\">\u00a0mientras el Usuario no manifieste su voluntad de darse de baja de los servicios de\u00a0<\/span>THE WALKINGS<span style=\"font-family: -apple-system, BlinkMacSystemFont, 'Segoe UI', Roboto, 'Helvetica Neue', Arial, 'Noto Sans', sans-serif; font-size: 1rem;\">\u00a0y ello con la finalidad de recibir informaci\u00f3n sobre productos de la empresa.<\/span><\/p><p>5.- Derechos del Usuario en relaci\u00f3n con sus datos<\/p><p>El Usuario tiene derecho a\u00a0<b>(i)<\/b>\u00a0acceder a sus datos personales, as\u00ed como a\u00a0<b>(ii)<\/b>\u00a0solicitar la rectificaci\u00f3n de los datos inexactos o, en su caso,\u00a0<b>(iii)<\/b>\u00a0solicitar su supresi\u00f3n,\u00a0<b>(iv)<\/b>\u00a0solicitar la limitaci\u00f3n del tratamiento de sus datos,\u00a0<b>(v)<\/b>\u00a0oponerse al tratamiento de sus datos\u00a0<b>(vi)<\/b>\u00a0ejercitar el derecho al olvido de sus datos y\u00a0<b>(vii)<\/b>\u00a0solicitar su portabilidad.<\/p><p>Para ejercer dichos derechos es necesario que el Usuario acredite su personalidad frente a THE WALKINGS\u00a0mediante el env\u00edo de una fotocopia de su Documento Nacional de Identidad o cualquier otro medio v\u00e1lido en Derecho.<\/p><p>El Usuario puede ejercer todos estos derechos en la siguiente direcci\u00f3n de email\u00a0<a href=\"mailto:info@the-walkings.com\">info@the-walkings.com<\/a>, indicando el motivo de su petici\u00f3n.<\/p><p>El Usuario puede tambi\u00e9n enviar su petici\u00f3n por correo ordinario a la siguiente direcci\u00f3n:<\/p><p>THE WALKINGS TOURS<\/p><p><span style=\"font-family: -apple-system, BlinkMacSystemFont, 'Segoe UI', Roboto, 'Helvetica Neue', Arial, 'Noto Sans', sans-serif; font-size: 1rem;\">Claudia Hernandez<\/span><\/p><p><span style=\"font-family: -apple-system, BlinkMacSystemFont, 'Segoe UI', Roboto, 'Helvetica Neue', Arial, 'Noto Sans', sans-serif; font-size: 1rem;\">Neuenh\u00f6fer Allee 119<\/span><\/p><p>50935, K\u00f6ln.<\/p><p>Sin perjuicio de cualquier otro recurso administrativo o acci\u00f3n judicial, el Usuario tendr\u00e1 derecho a presentar una reclamaci\u00f3n ante una Autoridad de Control, en particular en el Estado miembro en el que tenga su residencia habitual, lugar de trabajo o lugar de la supuesta infracci\u00f3n, en caso de que considere que el tratamiento de sus datos personales no es adecuado a la normativa, as\u00ed como en el caso de no ver satisfecho el ejercicio de sus derechos. La autoridad de control ante la que se haya presentado la reclamaci\u00f3n informar\u00e1 al reclamante sobre el curso y el resultado de la reclamaci\u00f3n.<\/p><p>6.- Seguridad de los datos<\/p><p>La protecci\u00f3n de la privacidad y los datos personales de sus clientes y visitantes es muy importante para THE WALKINGS. Por lo tanto, THE WALKINGS\u00a0hace todo lo que est\u00e1 en su mano para impedir que sus datos se utilicen de forma inadecuada. A sus datos s\u00f3lo puede acceder el personal autorizado.<\/p><p><span style=\"font-family: -apple-system, BlinkMacSystemFont, 'Segoe UI', Roboto, 'Helvetica Neue', Arial, 'Noto Sans', sans-serif; font-size: 1rem;\">THE WALKINGS<\/span>\u00a0ha establecido todos los medios t\u00e9cnicos a su alcance para evitar la p\u00e9rdida, mal uso, alteraci\u00f3n, acceso no autorizado y robo de los datos que el Usuario facilite a trav\u00e9s de los Sitios Web, sin perjuicio de informarle de que las medidas de seguridad en Internet no son inexpugnables.<\/p><p><span style=\"font-family: -apple-system, BlinkMacSystemFont, 'Segoe UI', Roboto, 'Helvetica Neue', Arial, 'Noto Sans', sans-serif; font-size: 1rem;\">THE WALKINGS<\/span>\u00a0se compromete a cumplir con el deber de secreto y confidencialidad respecto de los datos personales de acuerdo con la legislaci\u00f3n aplicable, as\u00ed como a conferirles un tratamiento seguro en las cesiones y transferencias internacionales de datos que, en su caso, puedan producirse.<\/p><p>7.- Preguntas<\/p><p>Si tiene alguna pregunta sobre esta pol\u00edtica de privacidad, rogamos que se ponga en contacto con nosotros enviando un email a info@the-walkings.com.<\/p><p>9.- Aceptaci\u00f3n y Consentimiento<\/p><p>El Usuario declara haber sido informado de las condiciones sobre protecci\u00f3n de datos personales, aceptando y consintiendo el tratamiento de los mismos por parte de THE WALKINGS, en la forma y para las finalidades indicadas en la presente Pol\u00edtica de Privacidad.<\/p>\t\t\t\t\t\t<\/div>\n\t\t\t\t<\/div>\n\t\t\t\t\t<\/div>\n\t\t<\/div>\n\t\t\t\t\t<\/div>\n\t\t<\/section>\n\t\t\t\t<section class=\"elementor-section elementor-top-section elementor-element elementor-element-d445005 elementor-section-boxed elementor-section-height-default elementor-section-height-default\" data-id=\"d445005\" data-element_type=\"section\">\n\t\t\t\t\t\t<div class=\"elementor-container elementor-column-gap-default\">\n\t\t\t\t\t<div class=\"elementor-column elementor-col-100 elementor-top-column elementor-element elementor-element-490c120\" data-id=\"490c120\" data-element_type=\"column\">\n\t\t\t<div class=\"elementor-widget-wrap elementor-element-populated\">\n\t\t\t\t\t\t<div class=\"elementor-element elementor-element-81ad183 elementor-widget elementor-widget-shortcode\" data-id=\"81ad183\" data-element_type=\"widget\" data-widget_type=\"shortcode.default\">\n\t\t\t\t<div class=\"elementor-widget-container\">\n\t\t\t\t\t<div class=\"elementor-shortcode\">[dsgvo_policy]<\/div>\n\t\t\t\t<\/div>\n\t\t\t\t<\/div>\n\t\t\t\t\t<\/div>\n\t\t<\/div>\n\t\t\t\t\t<\/div>\n\t\t<\/section>\n\t\t\t\t<\/div>\n\t\t","protected":false},"excerpt":{"rendered":"<p>Pol\u00edtica de privacidad y protecci\u00f3n de datos 1.- Presentaci\u00f3n y derecho de informaci\u00f3n El presente sitio web es propiedad de Claudia Nalleli Hern\u00e1ndez Leal (en adelante,&nbsp;\u201cTHE WALKINGS\u201d), con domicilio social en calle Neuenh\u00f6fer Allee 119, 50935, Alemania. THE WALKINGS se toma muy en serio la protecci\u00f3n de su privacidad y de sus datos personales. Por [&hellip;]<\/p>\n","protected":false},"author":1,"featured_media":0,"parent":0,"menu_order":0,"comment_status":"closed","ping_status":"closed","template":"","meta":{"footnotes":""},"yoast_head":"<!-- This site is optimized with the Yoast SEO plugin v22.7 - https:\/\/yoast.com\/wordpress\/plugins\/seo\/ -->\n<title>Pol\u00edtica de privacidad y protecci\u00f3n de datos | Free Tour Colonia y D\u00fcsseldorf \/\/ The Walkings Tours<\/title>\n<meta name=\"robots\" content=\"noindex, nofollow\" \/>\n<meta property=\"og:locale\" content=\"en_US\" \/>\n<meta property=\"og:type\" content=\"article\" \/>\n<meta property=\"og:title\" content=\"Pol\u00edtica de privacidad y protecci\u00f3n de datos | Free Tour Colonia y D\u00fcsseldorf \/\/ The Walkings Tours\" \/>\n<meta property=\"og:description\" content=\"Pol\u00edtica de privacidad y protecci\u00f3n de datos 1.- Presentaci\u00f3n y derecho de informaci\u00f3n El presente sitio web es propiedad de Claudia Nalleli Hern\u00e1ndez Leal (en adelante,&nbsp;\u201cTHE WALKINGS\u201d), con domicilio social en calle Neuenh\u00f6fer Allee 119, 50935, Alemania. THE WALKINGS se toma muy en serio la protecci\u00f3n de su privacidad y de sus datos personales. Por [&hellip;]\" \/>\n<meta property=\"og:url\" content=\"https:\/\/the-walkings.com\/en\/es-privacidad\/\" \/>\n<meta property=\"og:site_name\" content=\"Free Tour Colonia y D\u00fcsseldorf \/\/ The Walkings Tours\" \/>\n<meta property=\"article:publisher\" content=\"https:\/\/www.facebook.com\/thewalkingstours\/\" \/>\n<meta property=\"article:modified_time\" content=\"2022-07-21T20:55:13+00:00\" \/>\n<meta name=\"twitter:label1\" content=\"Est. reading time\" \/>\n\t<meta name=\"twitter:data1\" content=\"5 minutes\" \/>\n<script type=\"application\/ld+json\" class=\"yoast-schema-graph\">{\"@context\":\"https:\/\/schema.org\",\"@graph\":[{\"@type\":\"WebPage\",\"@id\":\"https:\/\/the-walkings.com\/es-privacidad\/\",\"url\":\"https:\/\/the-walkings.com\/es-privacidad\/\",\"name\":\"Pol\u00edtica de privacidad y protecci\u00f3n de datos | Free Tour Colonia y D\u00fcsseldorf \/\/ The Walkings Tours\",\"isPartOf\":{\"@id\":\"https:\/\/the-walkings.com\/#website\"},\"datePublished\":\"2019-11-23T22:39:06+00:00\",\"dateModified\":\"2022-07-21T20:55:13+00:00\",\"breadcrumb\":{\"@id\":\"https:\/\/the-walkings.com\/es-privacidad\/#breadcrumb\"},\"inLanguage\":\"en-US\",\"potentialAction\":[{\"@type\":\"ReadAction\",\"target\":[\"https:\/\/the-walkings.com\/es-privacidad\/\"]}]},{\"@type\":\"BreadcrumbList\",\"@id\":\"https:\/\/the-walkings.com\/es-privacidad\/#breadcrumb\",\"itemListElement\":[{\"@type\":\"ListItem\",\"position\":1,\"name\":\"Home\",\"item\":\"https:\/\/the-walkings.com\/\"},{\"@type\":\"ListItem\",\"position\":2,\"name\":\"Pol\u00edtica de privacidad y protecci\u00f3n de datos\"}]},{\"@type\":\"WebSite\",\"@id\":\"https:\/\/the-walkings.com\/#website\",\"url\":\"https:\/\/the-walkings.com\/\",\"name\":\"Free Tour Colonia y D\u00fcsseldorf | Cologne and D\u00fcsseldorf Free Walking Tour \/\/ The Walkings Tours\",\"description\":\"Reserva ya tu Free Tour Colonia espa\u00f1ol o tu Free Tour D\u00fcsseldorf espa\u00f1ol, donde conocer\u00e1s de la ciudad, su historia, datos curiosos y tradiciones.\",\"potentialAction\":[{\"@type\":\"SearchAction\",\"target\":{\"@type\":\"EntryPoint\",\"urlTemplate\":\"https:\/\/the-walkings.com\/?s={search_term_string}\"},\"query-input\":\"required name=search_term_string\"}],\"inLanguage\":\"en-US\"}]}<\/script>\n<!-- \/ Yoast SEO plugin. -->","yoast_head_json":{"title":"Pol\u00edtica de privacidad y protecci\u00f3n de datos | Free Tour Colonia y D\u00fcsseldorf \/\/ The Walkings Tours","robots":{"index":"noindex","follow":"nofollow"},"og_locale":"en_US","og_type":"article","og_title":"Pol\u00edtica de privacidad y protecci\u00f3n de datos | Free Tour Colonia y D\u00fcsseldorf \/\/ The Walkings Tours","og_description":"Pol\u00edtica de privacidad y protecci\u00f3n de datos 1.- Presentaci\u00f3n y derecho de informaci\u00f3n El presente sitio web es propiedad de Claudia Nalleli Hern\u00e1ndez Leal (en adelante,&nbsp;\u201cTHE WALKINGS\u201d), con domicilio social en calle Neuenh\u00f6fer Allee 119, 50935, Alemania. THE WALKINGS se toma muy en serio la protecci\u00f3n de su privacidad y de sus datos personales. Por [&hellip;]","og_url":"https:\/\/the-walkings.com\/en\/es-privacidad\/","og_site_name":"Free Tour Colonia y D\u00fcsseldorf \/\/ The Walkings Tours","article_publisher":"https:\/\/www.facebook.com\/thewalkingstours\/","article_modified_time":"2022-07-21T20:55:13+00:00","twitter_misc":{"Est. reading time":"5 minutes"},"schema":{"@context":"https:\/\/schema.org","@graph":[{"@type":"WebPage","@id":"https:\/\/the-walkings.com\/es-privacidad\/","url":"https:\/\/the-walkings.com\/es-privacidad\/","name":"Pol\u00edtica de privacidad y protecci\u00f3n de datos | Free Tour Colonia y D\u00fcsseldorf \/\/ The Walkings Tours","isPartOf":{"@id":"https:\/\/the-walkings.com\/#website"},"datePublished":"2019-11-23T22:39:06+00:00","dateModified":"2022-07-21T20:55:13+00:00","breadcrumb":{"@id":"https:\/\/the-walkings.com\/es-privacidad\/#breadcrumb"},"inLanguage":"en-US","potentialAction":[{"@type":"ReadAction","target":["https:\/\/the-walkings.com\/es-privacidad\/"]}]},{"@type":"BreadcrumbList","@id":"https:\/\/the-walkings.com\/es-privacidad\/#breadcrumb","itemListElement":[{"@type":"ListItem","position":1,"name":"Home","item":"https:\/\/the-walkings.com\/"},{"@type":"ListItem","position":2,"name":"Pol\u00edtica de privacidad y protecci\u00f3n de datos"}]},{"@type":"WebSite","@id":"https:\/\/the-walkings.com\/#website","url":"https:\/\/the-walkings.com\/","name":"Free Tour Colonia y D\u00fcsseldorf | Cologne and D\u00fcsseldorf Free Walking Tour \/\/ The Walkings Tours","description":"Reserva ya tu Free Tour Colonia espa\u00f1ol o tu Free Tour D\u00fcsseldorf espa\u00f1ol, donde conocer\u00e1s de la ciudad, su historia, datos curiosos y tradiciones.","potentialAction":[{"@type":"SearchAction","target":{"@type":"EntryPoint","urlTemplate":"https:\/\/the-walkings.com\/?s={search_term_string}"},"query-input":"required name=search_term_string"}],"inLanguage":"en-US"}]}},"_links":{"self":[{"href":"https:\/\/the-walkings.com\/en\/wp-json\/wp\/v2\/pages\/502"}],"collection":[{"href":"https:\/\/the-walkings.com\/en\/wp-json\/wp\/v2\/pages"}],"about":[{"href":"https:\/\/the-walkings.com\/en\/wp-json\/wp\/v2\/types\/page"}],"author":[{"embeddable":true,"href":"https:\/\/the-walkings.com\/en\/wp-json\/wp\/v2\/users\/1"}],"replies":[{"embeddable":true,"href":"https:\/\/the-walkings.com\/en\/wp-json\/wp\/v2\/comments?post=502"}],"version-history":[{"count":15,"href":"https:\/\/the-walkings.com\/en\/wp-json\/wp\/v2\/pages\/502\/revisions"}],"predecessor-version":[{"id":755,"href":"https:\/\/the-walkings.com\/en\/wp-json\/wp\/v2\/pages\/502\/revisions\/755"}],"wp:attachment":[{"href":"https:\/\/the-walkings.com\/en\/wp-json\/wp\/v2\/media?parent=502"}],"curies":[{"name":"wp","href":"https:\/\/api.w.org\/{rel}","templated":true}]}}