{"id":509,"date":"2019-11-24T21:32:49","date_gmt":"2019-11-24T20:32:49","guid":{"rendered":"http:\/\/the-walkings.com\/?page_id=509"},"modified":"2024-12-09T14:50:17","modified_gmt":"2024-12-09T13:50:17","slug":"de-impressum","status":"publish","type":"page","link":"https:\/\/the-walkings.com\/en\/de-impressum\/","title":{"rendered":"Impressum"},"content":{"rendered":"<div data-elementor-type=\"wp-page\" data-elementor-id=\"509\" class=\"elementor elementor-509\">\n\t\t\t\t\t\t<section class=\"elementor-section elementor-top-section elementor-element elementor-element-9494abb elementor-section-boxed elementor-section-height-default elementor-section-height-default\" data-id=\"9494abb\" data-element_type=\"section\">\n\t\t\t\t\t\t<div class=\"elementor-container elementor-column-gap-default\">\n\t\t\t\t\t<div class=\"elementor-column elementor-col-100 elementor-top-column elementor-element elementor-element-eca93e5\" data-id=\"eca93e5\" data-element_type=\"column\">\n\t\t\t<div class=\"elementor-widget-wrap elementor-element-populated\">\n\t\t\t\t\t\t<div class=\"elementor-element elementor-element-e1352e0 elementor-widget elementor-widget-html\" data-id=\"e1352e0\" data-element_type=\"widget\" data-widget_type=\"html.default\">\n\t\t\t\t<div class=\"elementor-widget-container\">\n\t\t\t<h1>Impressum<\/h1>\r\n\r\n<p>Claudia Nalleli Hernandez Leal<br \/>\r\nClaudia Nalleli Hernandez Leal (Einzelunternehmer)<br \/>\r\nNeuenh&ouml;fer Allee 119<br \/>\r\n50935 K&ouml;ln<\/p>\r\n\r\n<h3>Kontakt<\/h3>\r\n<p>Telefon: +4915772431884<br \/>\r\nE-Mail: info @ the-walkings.com<\/p>\r\n\r\n<h3>Umsatzsteuer-ID<\/h3>\r\n<p>Umsatzsteuer-Identifikationsnummer gem&auml;&szlig; &sect; 27 a Umsatzsteuergesetz:<br \/>\r\nDE367105728<\/p>\r\n\r\n<h3>EU-Streitschlichtung<\/h3>\r\n<p>Die Europ&auml;ische Kommission stellt eine Plattform zur Online-Streitbeilegung (OS) bereit: <a href=\"https:\/\/ec.europa.eu\/consumers\/odr\/\" target=\"_blank\" rel=\"noopener noreferrer\">https:\/\/ec.europa.eu\/consumers\/odr\/<\/a>.<br \/> Unsere E-Mail-Adresse finden Sie oben im Impressum.<\/p>\r\n\r\n<h3>Verbraucher&shy;streit&shy;beilegung\/Universal&shy;schlichtungs&shy;stelle<\/h3>\r\n<p>Wir sind nicht bereit oder verpflichtet, an Streitbeilegungsverfahren vor einer Verbraucherschlichtungsstelle teilzunehmen.<\/p>\r\n\r\n<h3>Copyright<\/h3>\r\nAlle Inhalte und Fotos dieser Seiten sind weltweit urheberrechtlich gesch\u00fctzt. Abdruck oder sonstige mediale Verwertung \u2013 auch zum privaten Gebrauch \u2013 nur mit Genehmigung von Claudia Nalleli Hernandez Leal\r\n\r\n<h3>Verantwortlich im Sinne \u00a7 6 TDG:<\/h3>Claudia Nalleli Hernandez Leal\r\n\r\n<h3>Haftung im Sinne \u00a7 8 TDG:<\/h3>Claudia Nalleli Hernandez Leal stellt sein Internetangebot unter folgenden Nutzungsbedingungen zur Verf\u00fcgung:\r\nClaudia Nalleli Hernandez Leal ist nach \u00a7 8 Abs. 1 TDG f\u00fcr die eigenen Inhalte, die es zur Nutzung bereith\u00e4lt, nach den allgemeinen Vorschriften verantwortlich. Die Haftung f\u00fcr Sch\u00e4den materieller oder ideeller Art, die durch die Nutzung der Inhalte verursacht wurden, ist ausgeschlossen, sofern nicht Vorsatz oder grobe Fahrl\u00e4ssigkeit vorliegt.\r\n\r\n<h3>Haftungsausschlu\u00df im Sinne \u00a7 9 TDG:<\/h3>\r\nClaudia Nalleli Hernandez Leal macht sich den Inhalt, der innerhalb des eigenen Angebots per Hyperlinks zug\u00e4nglich gemachten fremden Websites ausdr\u00fccklich nicht zu eigen und kann deshalb f\u00fcr deren inhaltliche Korrektheit, Vollst\u00e4ndigkeit und Verf\u00fcgbarkeit keine Gew\u00e4hr leisten. Claudia Nalleli Hernandez Leal hat keinen Einfluss auf die aktuelle und zuk\u00fcnftige Gestaltung und auf Inhalte der gelinkten Seiten.\r\n\r\n<h3>Keine Abmahnung ohne vorherigen Kontakt!<\/h3>\r\nSollte irgendwelcher Inhalt oder die designtechnische Gestaltung einzelner Seiten oder Teile dieser Internetseite fremde Rechte Dritter oder gesetzliche Bestimmungen verletzen oder anderweitig in irgendeiner Form wettbewerbs-rechtliche Probleme hervorbringen, so bitte ich unter Berufung auf \u00a7 8 Abs. 4 UWG, um eine angemessene, ausreichend erl\u00e4uternde und schnelle Nachricht ohne Kostennote.\r\n\r\nWir garantieren, dass evt. zu Recht beanstandeten Passagen oder Teile dieser Webseiten in angemessener Frist entfernt bzw. den rechtlichen Vorgaben umf\u00e4nglich angepasst werden, ohne dass von Ihrer Seite die Einschaltung eines Rechtsbeistandes erforderlich ist.\r\n\r\nDie Einschaltung eines Anwalts zur f\u00fcr den Diensteanbieter kostenpflichtigen Abmahnung entspricht nicht dessen wirklichem oder mutma\u00dflichem Willen und w\u00fcrde damit einen Verstoss gegen das UWG wegen der Verfolgung sachfremder Ziele als beherschendes Motiv der Verfahrenseinleitung, insbesondere einer Kostenerzielungsabsicht als eigentliche Triebfeder, sowie einen Versto\u00df gegen die Schadensminderungspflicht darstellen.\r\n\r\n\r\n\r\n\r\n\r\n\r\n<p>Quelle: <a href=\"https:\/\/www.e-recht24.de\">e-recht24.de<\/a><\/p>\t\t<\/div>\n\t\t\t\t<\/div>\n\t\t\t\t\t<\/div>\n\t\t<\/div>\n\t\t\t\t\t<\/div>\n\t\t<\/section>\n\t\t\t\t<\/div>","protected":false},"excerpt":{"rendered":"<p>Impressum Claudia Nalleli Hernandez Leal Claudia Nalleli Hernandez Leal (Einzelunternehmer) Neuenh&ouml;fer Allee 119 50935 K&ouml;ln Kontakt Telefon: +4915772431884 E-Mail: info @ the-walkings.com Umsatzsteuer-ID Umsatzsteuer-Identifikationsnummer gem&auml;&szlig; &sect; 27 a Umsatzsteuergesetz: DE367105728 EU-Streitschlichtung Die Europ&auml;ische Kommission stellt eine Plattform zur Online-Streitbeilegung (OS) bereit: https:\/\/ec.europa.eu\/consumers\/odr\/. Unsere E-Mail-Adresse finden Sie oben im Impressum. Verbraucher&shy;streit&shy;beilegung\/Universal&shy;schlichtungs&shy;stelle Wir sind nicht bereit oder [&hellip;]<\/p>\n","protected":false},"author":1,"featured_media":0,"parent":0,"menu_order":0,"comment_status":"closed","ping_status":"closed","template":"","meta":{"footnotes":""},"yoast_head":"<!-- This site is optimized with the Yoast SEO plugin v22.7 - https:\/\/yoast.com\/wordpress\/plugins\/seo\/ -->\n<title>Impressum | Free Tour Colonia y D\u00fcsseldorf \/\/ The Walkings Tours<\/title>\n<meta name=\"robots\" content=\"noindex, nofollow\" \/>\n<meta property=\"og:locale\" content=\"en_US\" \/>\n<meta property=\"og:type\" content=\"article\" \/>\n<meta property=\"og:title\" content=\"Impressum | Free Tour Colonia y D\u00fcsseldorf \/\/ The Walkings Tours\" \/>\n<meta property=\"og:description\" content=\"Impressum Claudia Nalleli Hernandez Leal Claudia Nalleli Hernandez Leal (Einzelunternehmer) Neuenh&ouml;fer Allee 119 50935 K&ouml;ln Kontakt Telefon: +4915772431884 E-Mail: info @ the-walkings.com Umsatzsteuer-ID Umsatzsteuer-Identifikationsnummer gem&auml;&szlig; &sect; 27 a Umsatzsteuergesetz: DE367105728 EU-Streitschlichtung Die Europ&auml;ische Kommission stellt eine Plattform zur Online-Streitbeilegung (OS) bereit: https:\/\/ec.europa.eu\/consumers\/odr\/. Unsere E-Mail-Adresse finden Sie oben im Impressum. Verbraucher&shy;streit&shy;beilegung\/Universal&shy;schlichtungs&shy;stelle Wir sind nicht bereit oder [&hellip;]\" \/>\n<meta property=\"og:url\" content=\"https:\/\/the-walkings.com\/en\/de-impressum\/\" \/>\n<meta property=\"og:site_name\" content=\"Free Tour Colonia y D\u00fcsseldorf \/\/ The Walkings Tours\" \/>\n<meta property=\"article:publisher\" content=\"https:\/\/www.facebook.com\/thewalkingstours\/\" \/>\n<meta property=\"article:modified_time\" content=\"2024-12-09T13:50:17+00:00\" \/>\n<meta name=\"twitter:label1\" content=\"Est. reading time\" \/>\n\t<meta name=\"twitter:data1\" content=\"2 minutes\" \/>\n<script type=\"application\/ld+json\" class=\"yoast-schema-graph\">{\"@context\":\"https:\/\/schema.org\",\"@graph\":[{\"@type\":\"WebPage\",\"@id\":\"https:\/\/the-walkings.com\/de-impressum\/\",\"url\":\"https:\/\/the-walkings.com\/de-impressum\/\",\"name\":\"Impressum | Free Tour Colonia y D\u00fcsseldorf \/\/ The Walkings Tours\",\"isPartOf\":{\"@id\":\"https:\/\/the-walkings.com\/#website\"},\"datePublished\":\"2019-11-24T20:32:49+00:00\",\"dateModified\":\"2024-12-09T13:50:17+00:00\",\"breadcrumb\":{\"@id\":\"https:\/\/the-walkings.com\/de-impressum\/#breadcrumb\"},\"inLanguage\":\"en-US\",\"potentialAction\":[{\"@type\":\"ReadAction\",\"target\":[\"https:\/\/the-walkings.com\/de-impressum\/\"]}]},{\"@type\":\"BreadcrumbList\",\"@id\":\"https:\/\/the-walkings.com\/de-impressum\/#breadcrumb\",\"itemListElement\":[{\"@type\":\"ListItem\",\"position\":1,\"name\":\"Home\",\"item\":\"https:\/\/the-walkings.com\/\"},{\"@type\":\"ListItem\",\"position\":2,\"name\":\"Impressum\"}]},{\"@type\":\"WebSite\",\"@id\":\"https:\/\/the-walkings.com\/#website\",\"url\":\"https:\/\/the-walkings.com\/\",\"name\":\"Free Tour Colonia y D\u00fcsseldorf | Cologne and D\u00fcsseldorf Free Walking Tour \/\/ The Walkings Tours\",\"description\":\"Reserva ya tu Free Tour Colonia espa\u00f1ol o tu Free Tour D\u00fcsseldorf espa\u00f1ol, donde conocer\u00e1s de la ciudad, su historia, datos curiosos y tradiciones.\",\"potentialAction\":[{\"@type\":\"SearchAction\",\"target\":{\"@type\":\"EntryPoint\",\"urlTemplate\":\"https:\/\/the-walkings.com\/?s={search_term_string}\"},\"query-input\":\"required name=search_term_string\"}],\"inLanguage\":\"en-US\"}]}<\/script>\n<!-- \/ Yoast SEO plugin. -->","yoast_head_json":{"title":"Impressum | Free Tour Colonia y D\u00fcsseldorf \/\/ The Walkings Tours","robots":{"index":"noindex","follow":"nofollow"},"og_locale":"en_US","og_type":"article","og_title":"Impressum | Free Tour Colonia y D\u00fcsseldorf \/\/ The Walkings Tours","og_description":"Impressum Claudia Nalleli Hernandez Leal Claudia Nalleli Hernandez Leal (Einzelunternehmer) Neuenh&ouml;fer Allee 119 50935 K&ouml;ln Kontakt Telefon: +4915772431884 E-Mail: info @ the-walkings.com Umsatzsteuer-ID Umsatzsteuer-Identifikationsnummer gem&auml;&szlig; &sect; 27 a Umsatzsteuergesetz: DE367105728 EU-Streitschlichtung Die Europ&auml;ische Kommission stellt eine Plattform zur Online-Streitbeilegung (OS) bereit: https:\/\/ec.europa.eu\/consumers\/odr\/. Unsere E-Mail-Adresse finden Sie oben im Impressum. Verbraucher&shy;streit&shy;beilegung\/Universal&shy;schlichtungs&shy;stelle Wir sind nicht bereit oder [&hellip;]","og_url":"https:\/\/the-walkings.com\/en\/de-impressum\/","og_site_name":"Free Tour Colonia y D\u00fcsseldorf \/\/ The Walkings Tours","article_publisher":"https:\/\/www.facebook.com\/thewalkingstours\/","article_modified_time":"2024-12-09T13:50:17+00:00","twitter_misc":{"Est. reading time":"2 minutes"},"schema":{"@context":"https:\/\/schema.org","@graph":[{"@type":"WebPage","@id":"https:\/\/the-walkings.com\/de-impressum\/","url":"https:\/\/the-walkings.com\/de-impressum\/","name":"Impressum | Free Tour Colonia y D\u00fcsseldorf \/\/ The Walkings Tours","isPartOf":{"@id":"https:\/\/the-walkings.com\/#website"},"datePublished":"2019-11-24T20:32:49+00:00","dateModified":"2024-12-09T13:50:17+00:00","breadcrumb":{"@id":"https:\/\/the-walkings.com\/de-impressum\/#breadcrumb"},"inLanguage":"en-US","potentialAction":[{"@type":"ReadAction","target":["https:\/\/the-walkings.com\/de-impressum\/"]}]},{"@type":"BreadcrumbList","@id":"https:\/\/the-walkings.com\/de-impressum\/#breadcrumb","itemListElement":[{"@type":"ListItem","position":1,"name":"Home","item":"https:\/\/the-walkings.com\/"},{"@type":"ListItem","position":2,"name":"Impressum"}]},{"@type":"WebSite","@id":"https:\/\/the-walkings.com\/#website","url":"https:\/\/the-walkings.com\/","name":"Free Tour Colonia y D\u00fcsseldorf | Cologne and D\u00fcsseldorf Free Walking Tour \/\/ The Walkings Tours","description":"Reserva ya tu Free Tour Colonia espa\u00f1ol o tu Free Tour D\u00fcsseldorf espa\u00f1ol, donde conocer\u00e1s de la ciudad, su historia, datos curiosos y tradiciones.","potentialAction":[{"@type":"SearchAction","target":{"@type":"EntryPoint","urlTemplate":"https:\/\/the-walkings.com\/?s={search_term_string}"},"query-input":"required name=search_term_string"}],"inLanguage":"en-US"}]}},"_links":{"self":[{"href":"https:\/\/the-walkings.com\/en\/wp-json\/wp\/v2\/pages\/509"}],"collection":[{"href":"https:\/\/the-walkings.com\/en\/wp-json\/wp\/v2\/pages"}],"about":[{"href":"https:\/\/the-walkings.com\/en\/wp-json\/wp\/v2\/types\/page"}],"author":[{"embeddable":true,"href":"https:\/\/the-walkings.com\/en\/wp-json\/wp\/v2\/users\/1"}],"replies":[{"embeddable":true,"href":"https:\/\/the-walkings.com\/en\/wp-json\/wp\/v2\/comments?post=509"}],"version-history":[{"count":22,"href":"https:\/\/the-walkings.com\/en\/wp-json\/wp\/v2\/pages\/509\/revisions"}],"predecessor-version":[{"id":1188,"href":"https:\/\/the-walkings.com\/en\/wp-json\/wp\/v2\/pages\/509\/revisions\/1188"}],"wp:attachment":[{"href":"https:\/\/the-walkings.com\/en\/wp-json\/wp\/v2\/media?parent=509"}],"curies":[{"name":"wp","href":"https:\/\/api.w.org\/{rel}","templated":true}]}}